{"id":14878,"date":"2026-04-02T09:14:24","date_gmt":"2026-04-02T09:14:24","guid":{"rendered":"https:\/\/avilaspaces.com\/portuguese-golf-federation\/"},"modified":"2026-04-02T10:02:55","modified_gmt":"2026-04-02T10:02:55","slug":"federacao-portuguesa-de-golfe","status":"publish","type":"page","link":"https:\/\/avilaspaces.com\/pt\/federacao-portuguesa-de-golfe\/","title":{"rendered":"International Network"},"content":{"rendered":"\t\t<div data-elementor-type=\"wp-page\" data-elementor-id=\"14878\" class=\"elementor elementor-14878 elementor-14864\" data-elementor-post-type=\"page\">\n\t\t\t\t<div class=\"elementor-element elementor-element-fac7b54 e-flex e-con-boxed e-con e-parent\" data-id=\"fac7b54\" data-element_type=\"container\" data-e-type=\"container\" data-settings=\"{&quot;background_background&quot;:&quot;classic&quot;}\">\n\t\t\t\t\t<div class=\"e-con-inner\">\n\t\t<div class=\"elementor-element elementor-element-9f65cb6 e-con-full e-flex e-con e-child\" data-id=\"9f65cb6\" data-element_type=\"container\" data-e-type=\"container\">\n\t\t\t\t<div class=\"elementor-element elementor-element-261ec28 elementor-widget elementor-widget-heading\" data-id=\"261ec28\" data-element_type=\"widget\" data-e-type=\"widget\" data-widget_type=\"heading.default\">\n\t\t\t\t\t<h1 class=\"elementor-heading-title elementor-size-default\">FEDERA\u00c7\u00c3O PORTUGUESA DE GOLFE: DESCONTOS EXCLUSIVOS PARA MEMBROS!<\/h1>\t\t\t\t<\/div>\n\t\t\t\t<\/div>\n\t\t\t\t\t<\/div>\n\t\t\t\t<\/div>\n\t\t<div class=\"elementor-element elementor-element-d56dc36 e-flex e-con-boxed e-con e-parent\" data-id=\"d56dc36\" data-element_type=\"container\" data-e-type=\"container\">\n\t\t\t\t\t<div class=\"e-con-inner\">\n\t\t<div class=\"elementor-element elementor-element-1afc674 e-grid e-con-full e-con e-child\" data-id=\"1afc674\" data-element_type=\"container\" data-e-type=\"container\">\n\t\t<div class=\"elementor-element elementor-element-a755dc7 e-con-full e-flex e-con e-child\" data-id=\"a755dc7\" data-element_type=\"container\" data-e-type=\"container\">\n\t\t\t\t<div class=\"elementor-element elementor-element-0c32aa6 elementor-widget elementor-widget-heading\" data-id=\"0c32aa6\" data-element_type=\"widget\" data-e-type=\"widget\" data-widget_type=\"heading.default\">\n\t\t\t\t\t<p class=\"elementor-heading-title elementor-size-default\">\u00c9 membro da Federa\u00e7\u00e3o Portuguesa de Golfe?<\/p>\t\t\t\t<\/div>\n\t\t\t\t<div class=\"elementor-element elementor-element-25e81e2 elementor-widget elementor-widget-heading\" data-id=\"25e81e2\" data-element_type=\"widget\" data-e-type=\"widget\" data-widget_type=\"heading.default\">\n\t\t\t\t\t<p class=\"elementor-heading-title elementor-size-default\">Ent\u00e3o tem acesso a um desconto exclusivo de 10% nos nossos planos de cowork e salas de reuni\u00e3o!<\/p>\t\t\t\t<\/div>\n\t\t\t\t<div class=\"elementor-element elementor-element-7f1eab3 elementor-widget elementor-widget-text-editor\" data-id=\"7f1eab3\" data-element_type=\"widget\" data-e-type=\"widget\" data-widget_type=\"text-editor.default\">\n\t\t\t\t\t\t\t\t\t<p data-0cf9b75c-84c7-47bb-a9a3-b2494abff449-135=\"true\"><span data-0cf9b75c-84c7-47bb-a9a3-b2494abff449-136=\"true\">No Avila Spaces encontra muito mais do que um escrit\u00f3rio: um ambiente de trabalho moderno, flex\u00edvel e premium, com solu\u00e7\u00f5es completas que incluem escrit\u00f3rios privativos, espa\u00e7os de cowork, salas de reuni\u00e3o e eventos corporativos \u2014 tudo adaptado \u00e0s necessidades do seu neg\u00f3cio.<\/span><\/p><p data-0cf9b75c-84c7-47bb-a9a3-b2494abff449-139=\"true\"><span data-0cf9b75c-84c7-47bb-a9a3-b2494abff449-140=\"true\">Reconhecido como o espa\u00e7o de cowork mais premiado do pa\u00eds, o Avila Spaces integra uma comunidade din\u00e2mica com mais de 800 empresas e 1000 profissionais.<\/span><\/p><p data-0cf9b75c-84c7-47bb-a9a3-b2494abff449-143=\"true\"><span data-0cf9b75c-84c7-47bb-a9a3-b2494abff449-144=\"true\">Tem ainda a oportunidade de participar em eventos exclusivos, como torneios e sunsets de golfe, que combinam networking e bem-estar.<\/span><\/p><p data-0cf9b75c-84c7-47bb-a9a3-b2494abff449-150=\"true\"><span data-0cf9b75c-84c7-47bb-a9a3-b2494abff449-151=\"true\">Para usufruir do desconto, bastar\u00e1 indicar o seu nome e n\u00famero de federado.<\/span><\/p>\t\t\t\t\t\t\t\t<\/div>\n\t\t\t\t<div class=\"elementor-element elementor-element-34e23ee elementor-widget elementor-widget-text-editor\" data-id=\"34e23ee\" data-element_type=\"widget\" data-e-type=\"widget\" data-widget_type=\"text-editor.default\">\n\t\t\t\t\t\t\t\t\t<p data-0cf9b75c-84c7-47bb-a9a3-b2494abff449-154=\"true\"><span data-0cf9b75c-84c7-47bb-a9a3-b2494abff449-155=\"true\">Contacte-nos hoje, <\/span><span data-0cf9b75c-84c7-47bb-a9a3-b2494abff449-159=\"true\">esperamos por si!<\/span><\/p>\t\t\t\t\t\t\t\t<\/div>\n\t\t\t\t<div class=\"elementor-element elementor-element-240e947 elementor-widget elementor-widget-button\" data-id=\"240e947\" data-element_type=\"widget\" data-e-type=\"widget\" data-widget_type=\"button.default\">\n\t\t\t\t\t\t\t\t\t\t<a class=\"elementor-button elementor-button-link elementor-size-sm\" href=\"https:\/\/avilaspaces.com\/pt\/contactos-avila-spaces\/\">\n\t\t\t\t\t\t<span class=\"elementor-button-content-wrapper\">\n\t\t\t\t\t\t\t\t\t<span class=\"elementor-button-text\">FALE CONNOSCO<\/span>\n\t\t\t\t\t<\/span>\n\t\t\t\t\t<\/a>\n\t\t\t\t\t\t\t\t<\/div>\n\t\t\t\t<\/div>\n\t\t<div class=\"elementor-element elementor-element-8ed1386 e-con-full e-flex e-con e-child\" data-id=\"8ed1386\" data-element_type=\"container\" data-e-type=\"container\" data-settings=\"{&quot;background_background&quot;:&quot;classic&quot;}\">\n\t\t\t\t<\/div>\n\t\t\t\t<\/div>\n\t\t\t\t\t<\/div>\n\t\t\t\t<\/div>\n\t\t<div class=\"elementor-element elementor-element-1d60d31 e-flex e-con-boxed e-con e-parent\" data-id=\"1d60d31\" data-element_type=\"container\" data-e-type=\"container\" data-settings=\"{&quot;background_background&quot;:&quot;classic&quot;}\">\n\t\t\t\t\t<div class=\"e-con-inner\">\n\t\t\t\t<div class=\"elementor-element elementor-element-83e8668 elementor-widget elementor-widget-heading\" data-id=\"83e8668\" data-element_type=\"widget\" data-e-type=\"widget\" data-widget_type=\"heading.default\">\n\t\t\t\t\t<h2 class=\"elementor-heading-title elementor-size-default\">Os nossos servi\u00e7os<\/h2>\t\t\t\t<\/div>\n\t\t\t\t<div class=\"elementor-element elementor-element-4c5555a elementor-widget elementor-widget-shortcode\" data-id=\"4c5555a\" data-element_type=\"widget\" data-e-type=\"widget\" data-widget_type=\"shortcode.default\">\n\t\t\t\t\t\t\t<div class=\"elementor-shortcode\">\t\t<div data-elementor-type=\"section\" data-elementor-id=\"5407\" class=\"elementor elementor-5407 elementor-270\" data-elementor-post-type=\"elementor_library\">\n\t\t\t<div class=\"elementor-element elementor-element-1a82cd7 e-flex e-con-boxed e-con e-parent\" data-id=\"1a82cd7\" data-element_type=\"container\" data-e-type=\"container\">\n\t\t\t\t\t<div class=\"e-con-inner\">\n\t\t\t\t<div class=\"elementor-element elementor-element-439261e elementor-posts--align-center service-post elementor-grid-3 elementor-grid-tablet-2 elementor-grid-mobile-1 elementor-posts--thumbnail-top elementor-widget elementor-widget-posts\" data-id=\"439261e\" data-element_type=\"widget\" data-e-type=\"widget\" data-settings=\"{&quot;skin_service_row_gap&quot;:{&quot;unit&quot;:&quot;px&quot;,&quot;size&quot;:50,&quot;sizes&quot;:[]},&quot;skin_service_columns&quot;:&quot;3&quot;,&quot;skin_service_columns_tablet&quot;:&quot;2&quot;,&quot;skin_service_columns_mobile&quot;:&quot;1&quot;,&quot;skin_service_row_gap_laptop&quot;:{&quot;unit&quot;:&quot;px&quot;,&quot;size&quot;:&quot;&quot;,&quot;sizes&quot;:[]},&quot;skin_service_row_gap_tablet&quot;:{&quot;unit&quot;:&quot;px&quot;,&quot;size&quot;:&quot;&quot;,&quot;sizes&quot;:[]},&quot;skin_service_row_gap_mobile&quot;:{&quot;unit&quot;:&quot;px&quot;,&quot;size&quot;:&quot;&quot;,&quot;sizes&quot;:[]}}\" data-widget_type=\"posts.skin_service\">\n\t\t\t\t<div class=\"elementor-widget-container\">\n\t\t\t\t\t\t\t<div class=\"elementor-posts-container elementor-posts elementor-posts--skin-skin_service elementor-grid\" role=\"list\">\n\t\t        <article class=\"elementor-post elementor-grid-item post-12494 services type-services status-publish has-post-thumbnail hentry\">\n            \n            <a href=\"https:\/\/avilaspaces.com\/pt\/servicos\/centro-escritorios-lisboa\/\" class=\"elementor-post__thumbnail__link\">\n                <div class=\"elementor-post__thumbnail\">\n                                            <img decoding=\"async\" src=\"https:\/\/avilaspaces.com\/wp-content\/uploads\/2025\/09\/services_office.webp\" alt=\"Espa\u00e7o de Escrit\u00f3rios\">\n                                    <\/div>\n            <\/a>\n        \n            <div class=\"elementor-post__text\">\n            \n                \t\t<h5 class=\"elementor-post__title\">\n\t\t\t<a href=\"https:\/\/avilaspaces.com\/pt\/servicos\/centro-escritorios-lisboa\/\" >\n\t\t\t\tEspa\u00e7o de Escrit\u00f3rios\t\t\t<\/a>\n\t\t<\/h5>\n\t\t                \n                \t\t<div class=\"elementor-post__excerpt\">\n\t\t\t<p>Escrit\u00f3rios privados no centro de Lisboa, mobilados e prontos a usar, com servi\u00e7os completos, internet r\u00e1pida e acesso a salas de reuni\u00e3o e \u00e1reas lounge. Uma solu\u00e7\u00e3o flex\u00edvel para equipas de todas as dimens\u00f5es \u2014 ideal para empresas com modelo de trabalho h\u00edbrido.<\/p>\n\t\t<\/div>\n\t\t                \n                <div class=\"elementor-post__meta-data\">\n                                            <p>a partir de \u20ac850\/m\u00eas<\/p>\n                                    <\/div>\n                \n                \n\t\t<a class=\"elementor-post__read-more\" href=\"https:\/\/avilaspaces.com\/pt\/servicos\/centro-escritorios-lisboa\/\" aria-label=\"Read more about Espa\u00e7o de Escrit\u00f3rios\" tabindex=\"-1\" >\n\t\t\tlearn more\t\t<\/a>\n\n\t\t                    \n            <\/div>\n        \n        <\/article>\n                <article class=\"elementor-post elementor-grid-item post-5419 services type-services status-publish has-post-thumbnail hentry\">\n            \n            <a href=\"https:\/\/avilaspaces.com\/pt\/servicos\/coworking-lisboa\/\" class=\"elementor-post__thumbnail__link\">\n                <div class=\"elementor-post__thumbnail\">\n                                            <img decoding=\"async\" src=\"https:\/\/avilaspaces.com\/wp-content\/uploads\/2025\/09\/services_coworking.webp\" alt=\"Espa\u00e7o de Coworking\">\n                                    <\/div>\n            <\/a>\n        \n            <div class=\"elementor-post__text\">\n            \n                \t\t<h5 class=\"elementor-post__title\">\n\t\t\t<a href=\"https:\/\/avilaspaces.com\/pt\/servicos\/coworking-lisboa\/\" >\n\t\t\t\tEspa\u00e7o de Coworking\t\t\t<\/a>\n\t\t<\/h5>\n\t\t                \n                \t\t<div class=\"elementor-post__excerpt\">\n\t\t\t<p>Coworking em Lisboa com ambiente calmo e profissional, ideal para freelancers e equipas em crescimento que valorizam foco, privacidade, conforto e comunidade. Os membros t\u00eam acesso aos tr\u00eas espa\u00e7os, al\u00e9m de salas de reuni\u00e3o e phone booths para chamadas com total privacidade.<\/p>\n\t\t<\/div>\n\t\t                \n                <div class=\"elementor-post__meta-data\">\n                                            <p>a partir de \u20ac200\/m\u00eas<\/p>\n                                    <\/div>\n                \n                \n\t\t<a class=\"elementor-post__read-more\" href=\"https:\/\/avilaspaces.com\/pt\/servicos\/coworking-lisboa\/\" aria-label=\"Read more about Espa\u00e7o de Coworking\" tabindex=\"-1\" >\n\t\t\tlearn more\t\t<\/a>\n\n\t\t                    \n            <\/div>\n        \n        <\/article>\n                <article class=\"elementor-post elementor-grid-item post-5424 services type-services status-publish has-post-thumbnail hentry\">\n            \n            <a href=\"https:\/\/avilaspaces.com\/pt\/servicos\/assistente-virtual\/\" class=\"elementor-post__thumbnail__link\">\n                <div class=\"elementor-post__thumbnail\">\n                                            <img decoding=\"async\" src=\"https:\/\/avilaspaces.com\/wp-content\/uploads\/2025\/09\/services_assistant.webp\" alt=\"Assistente Virtual\">\n                                    <\/div>\n            <\/a>\n        \n            <div class=\"elementor-post__text\">\n            \n                \t\t<h5 class=\"elementor-post__title\">\n\t\t\t<a href=\"https:\/\/avilaspaces.com\/pt\/servicos\/assistente-virtual\/\" >\n\t\t\t\tAssistente Virtual\t\t\t<\/a>\n\t\t<\/h5>\n\t\t                \n                \t\t<div class=\"elementor-post__excerpt\">\n\t\t\t<p>Atendimento telef\u00f3nico profissional e personalizado para a sua empresa, com gest\u00e3o de chamadas e recados, para garantir que a sua presen\u00e7a est\u00e1 sempre ativa \u2014 onde quer que esteja. Foque-se no seu neg\u00f3cio e evite perder contactos importantes.<\/p>\n\t\t<\/div>\n\t\t                \n                <div class=\"elementor-post__meta-data\">\n                                            <p>a partir de \u20ac75\/m\u00eas<\/p>\n                                    <\/div>\n                \n                \n\t\t<a class=\"elementor-post__read-more\" href=\"https:\/\/avilaspaces.com\/pt\/servicos\/assistente-virtual\/\" aria-label=\"Read more about Assistente Virtual\" tabindex=\"-1\" >\n\t\t\tlearn more\t\t<\/a>\n\n\t\t                    \n            <\/div>\n        \n        <\/article>\n                <article class=\"elementor-post elementor-grid-item post-5426 services type-services status-publish has-post-thumbnail hentry\">\n            \n            <a href=\"https:\/\/avilaspaces.com\/pt\/servicos\/espacos-eventos-lisboa\/\" class=\"elementor-post__thumbnail__link\">\n                <div class=\"elementor-post__thumbnail\">\n                                            <img decoding=\"async\" src=\"https:\/\/avilaspaces.com\/wp-content\/uploads\/2025\/09\/services_events.webp\" alt=\"Espa\u00e7os para Eventos\">\n                                    <\/div>\n            <\/a>\n        \n            <div class=\"elementor-post__text\">\n            \n                \t\t<h5 class=\"elementor-post__title\">\n\t\t\t<a href=\"https:\/\/avilaspaces.com\/pt\/servicos\/espacos-eventos-lisboa\/\" >\n\t\t\t\tEspa\u00e7os para Eventos\t\t\t<\/a>\n\t\t<\/h5>\n\t\t                \n                \t\t<div class=\"elementor-post__excerpt\">\n\t\t\t<p>Espa\u00e7os vers\u00e1teis no centro de Lisboa para eventos corporativos, workshops e forma\u00e7\u00f5es, com apoio no setup, rece\u00e7\u00e3o de participantes e tecnologia inclu\u00edda. Solu\u00e7\u00f5es \u00e0 medida para cada tipo de evento.<\/p>\n\t\t<\/div>\n\t\t                \n                <div class=\"elementor-post__meta-data\">\n                                            <p>a partir de \u20ac22\/dia<\/p>\n                                    <\/div>\n                \n                \n\t\t<a class=\"elementor-post__read-more\" href=\"https:\/\/avilaspaces.com\/pt\/servicos\/espacos-eventos-lisboa\/\" aria-label=\"Read more about Espa\u00e7os para Eventos\" tabindex=\"-1\" >\n\t\t\tlearn more\t\t<\/a>\n\n\t\t                    \n            <\/div>\n        \n        <\/article>\n                <article class=\"elementor-post elementor-grid-item post-5428 services type-services status-publish has-post-thumbnail hentry\">\n            \n            <a href=\"https:\/\/avilaspaces.com\/pt\/servicos\/escritorio-virtual-lisboa\/\" class=\"elementor-post__thumbnail__link\">\n                <div class=\"elementor-post__thumbnail\">\n                                            <img decoding=\"async\" src=\"https:\/\/avilaspaces.com\/wp-content\/uploads\/2025\/09\/services_virtual.webp\" alt=\"Escrit\u00f3rio Virtual\">\n                                    <\/div>\n            <\/a>\n        \n            <div class=\"elementor-post__text\">\n            \n                \t\t<h5 class=\"elementor-post__title\">\n\t\t\t<a href=\"https:\/\/avilaspaces.com\/pt\/servicos\/escritorio-virtual-lisboa\/\" >\n\t\t\t\tEscrit\u00f3rio Virtual\t\t\t<\/a>\n\t\t<\/h5>\n\t\t                \n                \t\t<div class=\"elementor-post__excerpt\">\n\t\t\t<p>Morada de prest\u00edgio em Lisboa com gest\u00e3o de correspond\u00eancia, atendimento telef\u00f3nico personalizado, servi\u00e7os administrativos e acesso a salas de reuni\u00e3o. A solu\u00e7\u00e3o ideal para garantir uma presen\u00e7a profissional sem necessidade de um escrit\u00f3rio f\u00edsico permanente.<\/p>\n\t\t<\/div>\n\t\t                \n                <div class=\"elementor-post__meta-data\">\n                                            <p>a partir de \u20ac60\/m\u00eas<\/p>\n                                    <\/div>\n                \n                \n\t\t<a class=\"elementor-post__read-more\" href=\"https:\/\/avilaspaces.com\/pt\/servicos\/escritorio-virtual-lisboa\/\" aria-label=\"Read more about Escrit\u00f3rio Virtual\" tabindex=\"-1\" >\n\t\t\tlearn more\t\t<\/a>\n\n\t\t                    \n            <\/div>\n        \n        <\/article>\n                <article class=\"elementor-post elementor-grid-item post-5430 services type-services status-publish has-post-thumbnail hentry\">\n            \n            <a href=\"https:\/\/avilaspaces.com\/pt\/servicos\/salas-de-reuniao-lisboa\/\" class=\"elementor-post__thumbnail__link\">\n                <div class=\"elementor-post__thumbnail\">\n                                            <img decoding=\"async\" src=\"https:\/\/avilaspaces.com\/wp-content\/uploads\/2025\/09\/services_meeting.webp\" alt=\"Sala de Reuni\u00e3o\">\n                                    <\/div>\n            <\/a>\n        \n            <div class=\"elementor-post__text\">\n            \n                \t\t<h5 class=\"elementor-post__title\">\n\t\t\t<a href=\"https:\/\/avilaspaces.com\/pt\/servicos\/salas-de-reuniao-lisboa\/\" >\n\t\t\t\tSala de Reuni\u00e3o\t\t\t<\/a>\n\t\t<\/h5>\n\t\t                \n                \t\t<div class=\"elementor-post__excerpt\">\n\t\t\t<p>Salas de reuni\u00e3o em Lisboa, confort\u00e1veis e totalmente equipadas com tecnologia de \u00faltima gera\u00e7\u00e3o, ecr\u00e3 para apresenta\u00e7\u00f5es e sistema profissional de videoconfer\u00eancia \u2014 perfeitas para reuni\u00f5es, entrevistas e sess\u00f5es de forma\u00e7\u00e3o.<\/p>\n\t\t<\/div>\n\t\t                \n                <div class=\"elementor-post__meta-data\">\n                                            <p>a partir de \u20ac30\/hora<\/p>\n                                    <\/div>\n                \n                \n\t\t<a class=\"elementor-post__read-more\" href=\"https:\/\/avilaspaces.com\/pt\/servicos\/salas-de-reuniao-lisboa\/\" aria-label=\"Read more about Sala de Reuni\u00e3o\" tabindex=\"-1\" >\n\t\t\tlearn more\t\t<\/a>\n\n\t\t                    \n            <\/div>\n        \n        <\/article>\n        \t\t<\/div>\n\t\t\n\t\t\t\t\t\t<\/div>\n\t\t\t\t<\/div>\n\t\t\t\t\t<\/div>\n\t\t\t\t<\/div>\n\t\t\t\t<\/div>\n\t\t<\/div>\n\t\t\t\t\t\t<\/div>\n\t\t\t\t\t<\/div>\n\t\t\t\t<\/div>\n\t\t\t\t<\/div>\n\t\t","protected":false},"excerpt":{"rendered":"<p>FEDERA\u00c7\u00c3O PORTUGUESA DE GOLFE: DESCONTOS EXCLUSIVOS PARA MEMBROS! \u00c9 membro da Federa\u00e7\u00e3o Portuguesa de Golfe? Ent\u00e3o tem acesso a um desconto exclusivo de 10% nos nossos planos de cowork e salas de reuni\u00e3o! No Avila Spaces encontra muito mais do que um escrit\u00f3rio: um ambiente de trabalho moderno, flex\u00edvel e premium, com solu\u00e7\u00f5es completas que [&hellip;]<\/p>\n","protected":false},"author":4,"featured_media":0,"parent":0,"menu_order":0,"comment_status":"closed","ping_status":"closed","template":"elementor_header_footer","meta":{"_acf_changed":false,"inline_featured_image":false,"footnotes":""},"class_list":["post-14878","page","type-page","status-publish","hentry"],"acf":[],"_links":{"self":[{"href":"https:\/\/avilaspaces.com\/pt\/wp-json\/wp\/v2\/pages\/14878","targetHints":{"allow":["GET"]}}],"collection":[{"href":"https:\/\/avilaspaces.com\/pt\/wp-json\/wp\/v2\/pages"}],"about":[{"href":"https:\/\/avilaspaces.com\/pt\/wp-json\/wp\/v2\/types\/page"}],"author":[{"embeddable":true,"href":"https:\/\/avilaspaces.com\/pt\/wp-json\/wp\/v2\/users\/4"}],"replies":[{"embeddable":true,"href":"https:\/\/avilaspaces.com\/pt\/wp-json\/wp\/v2\/comments?post=14878"}],"version-history":[{"count":16,"href":"https:\/\/avilaspaces.com\/pt\/wp-json\/wp\/v2\/pages\/14878\/revisions"}],"predecessor-version":[{"id":14895,"href":"https:\/\/avilaspaces.com\/pt\/wp-json\/wp\/v2\/pages\/14878\/revisions\/14895"}],"wp:attachment":[{"href":"https:\/\/avilaspaces.com\/pt\/wp-json\/wp\/v2\/media?parent=14878"}],"curies":[{"name":"wp","href":"https:\/\/api.w.org\/{rel}","templated":true}]}}