{"id":4831,"date":"2025-09-11T18:23:13","date_gmt":"2025-09-11T18:23:13","guid":{"rendered":"https:\/\/avilaspaces.com\/avila-stories\/"},"modified":"2026-03-02T13:58:46","modified_gmt":"2026-03-02T13:58:46","slug":"avila-stories","status":"publish","type":"page","link":"https:\/\/avilaspaces.com\/pt\/avila-stories\/","title":{"rendered":"Avila Stories"},"content":{"rendered":"\t\t<div data-elementor-type=\"wp-page\" data-elementor-id=\"4831\" class=\"elementor elementor-4831 elementor-76\" data-elementor-post-type=\"page\">\n\t\t\t\t<div class=\"elementor-element elementor-element-0658b6f e-flex e-con-boxed e-con e-parent\" data-id=\"0658b6f\" data-element_type=\"container\" data-e-type=\"container\" data-settings=\"{&quot;background_background&quot;:&quot;classic&quot;}\">\n\t\t\t\t\t<div class=\"e-con-inner\">\n\t\t<div class=\"elementor-element elementor-element-6e2b616 e-con-full e-flex e-con e-child\" data-id=\"6e2b616\" data-element_type=\"container\" data-e-type=\"container\">\n\t\t\t\t<div class=\"elementor-element elementor-element-ab72918 elementor-widget__width-initial elementor-widget elementor-widget-heading\" data-id=\"ab72918\" data-element_type=\"widget\" data-e-type=\"widget\" data-widget_type=\"heading.default\">\n\t\t\t\t\t<h1 class=\"elementor-heading-title elementor-size-default\">AVILA STORIES: TODAS AS HIST\u00d3RIAS NOS LEVAM A ALGUM LUGAR...<\/h1>\t\t\t\t<\/div>\n\t\t\t\t<\/div>\n\t\t\t\t\t<\/div>\n\t\t\t\t<\/div>\n\t\t<div class=\"elementor-element elementor-element-fdb948d e-flex e-con-boxed e-con e-parent\" data-id=\"fdb948d\" data-element_type=\"container\" data-e-type=\"container\">\n\t\t\t\t\t<div class=\"e-con-inner\">\n\t\t<div class=\"elementor-element elementor-element-e27a20d e-con-full e-flex e-con e-child\" data-id=\"e27a20d\" data-element_type=\"container\" data-e-type=\"container\">\n\t\t\t\t<div class=\"elementor-element elementor-element-119c199 elementor-widget__width-initial elementor-widget elementor-widget-text-editor\" data-id=\"119c199\" data-element_type=\"widget\" data-e-type=\"widget\" data-widget_type=\"text-editor.default\">\n\t\t\t\t\t\t\t\t\t<p>Muitas vezes, esse lugar \u00e9 apenas um espa\u00e7o dentro de n\u00f3s mesmos que ainda est\u00e1 por ser descoberto. Outras vezes, esse lugar \u00e9 um espa\u00e7o dentro de outra pessoa, para onde podemos viajar de vez em quando.<\/p><p>H\u00e1 hist\u00f3rias que s\u00e3o momentos e h\u00e1 hist\u00f3rias que s\u00e3o vidas. Mas todas elas t\u00eam algo em comum: elas inspiram-nos.<\/p><p>Porque esse \u00e9 o prop\u00f3sito de todas as hist\u00f3rias&#8230; Conhecer as cores que pintam o desconhecido. Esta \u00e9 uma escolha que nos faz sorrir: partilhar as nossas hist\u00f3rias convosco!<\/p>\t\t\t\t\t\t\t\t<\/div>\n\t\t\t\t<div class=\"elementor-element elementor-element-5aa7cb8 elementor-widget__width-initial elementor-widget elementor-widget-text-editor\" data-id=\"5aa7cb8\" data-element_type=\"widget\" data-e-type=\"widget\" data-widget_type=\"text-editor.default\">\n\t\t\t\t\t\t\t\t\t<p>Avila Spaces apresenta&#8230;<\/p>\t\t\t\t\t\t\t\t<\/div>\n\t\t\t\t<\/div>\n\t\t\t\t\t<\/div>\n\t\t\t\t<\/div>\n\t\t<div class=\"elementor-element elementor-element-477f7ab e-flex e-con-boxed e-con e-parent\" data-id=\"477f7ab\" data-element_type=\"container\" data-e-type=\"container\">\n\t\t\t\t\t<div class=\"e-con-inner\">\n\t\t<div class=\"elementor-element elementor-element-8d78cf1 e-con-full e-flex e-con e-child\" data-id=\"8d78cf1\" data-element_type=\"container\" data-e-type=\"container\">\n\t\t\t\t<div class=\"elementor-element elementor-element-26e1120 elementor-grid-1 elementor-posts--thumbnail-left elementor-grid-tablet-1 elementor-grid-mobile-1 elementor-widget elementor-widget-posts\" data-id=\"26e1120\" data-element_type=\"widget\" data-e-type=\"widget\" data-settings=\"{&quot;skin_storie_columns&quot;:&quot;1&quot;,&quot;skin_storie_row_gap&quot;:{&quot;unit&quot;:&quot;px&quot;,&quot;size&quot;:40,&quot;sizes&quot;:[]},&quot;skin_storie_columns_tablet&quot;:&quot;1&quot;,&quot;skin_storie_columns_mobile&quot;:&quot;1&quot;,&quot;skin_storie_row_gap_laptop&quot;:{&quot;unit&quot;:&quot;px&quot;,&quot;size&quot;:&quot;&quot;,&quot;sizes&quot;:[]},&quot;skin_storie_row_gap_tablet&quot;:{&quot;unit&quot;:&quot;px&quot;,&quot;size&quot;:&quot;&quot;,&quot;sizes&quot;:[]},&quot;skin_storie_row_gap_mobile&quot;:{&quot;unit&quot;:&quot;px&quot;,&quot;size&quot;:&quot;&quot;,&quot;sizes&quot;:[]}}\" data-widget_type=\"posts.skin_storie\">\n\t\t\t\t<div class=\"elementor-widget-container\">\n\t\t\t\t\t\t\t<div class=\"elementor-posts-container elementor-posts elementor-posts--skin-skin_storie elementor-grid\" role=\"list\">\n\t\t        <article class=\"elementor-post elementor-grid-item storie-post  post-5738 avila-stories type-avila-stories status-publish has-post-thumbnail hentry \">\n            \n            <a href=\"https:\/\/avilaspaces.com\/pt\/avila-stories\/ricardo-pereira-da-silva-rawphotology\/\"  class=\"elementor-post__thumbnail__link\">\n                <div class=\"elementor-post__thumbnail\">\n                                            <img decoding=\"async\" src=\"https:\/\/avilaspaces.com\/wp-content\/uploads\/2025\/09\/episode1_cover.webp\" alt=\"Ricardo Pereira Da Silva &#8211; Rawphotology\">\n                                    <\/div>\n            <\/a>\n        \n            <div class=\"elementor-post__text\">\n                \n                <div class=\"elementor-post__meta-data\">\n                    <p>Episode 1<\/p>\n                <\/div>\n                       \n\t\t\t\t\t\t\t\t\t\t\t<h4 class=\"elementor-post__title\">\n\t\t\t<a href=\"https:\/\/avilaspaces.com\/pt\/avila-stories\/ricardo-pereira-da-silva-rawphotology\/\" >\n\t\t\t\tRicardo Pereira Da Silva &#8211; Rawphotology\t\t\t<\/a>\n\t\t<\/h4>\n\t\t\t\t\t\t                                                \n                \t\t<div class=\"elementor-post__excerpt\">\n\t\t\t<p>Ricardo escolhe os detalhes, os sorrisos e os olhares que est\u00e3o nas entrelinhas, para fotografar, n\u00e3o a pessoa, mas a sua ess\u00eancia.<\/p>\n\t\t<\/div>\n\t\t\t\t\t\t\n\t\t\t\t\n\t\t<a class=\"elementor-post__read-more\" href=\"https:\/\/avilaspaces.com\/pt\/avila-stories\/ricardo-pereira-da-silva-rawphotology\/\" aria-label=\"Read more about Ricardo Pereira Da Silva &#8211; Rawphotology\" tabindex=\"-1\" >\n\t\t\tAssista ao epis\u00f3dio\t\t<\/a>\n\n\t\t                \n                    \n            <\/div>\n        \n        <\/article>\n                <article class=\"elementor-post elementor-grid-item storie-post  post-5740 avila-stories type-avila-stories status-publish has-post-thumbnail hentry \">\n            \n            <a href=\"https:\/\/avilaspaces.com\/pt\/avila-stories\/tatiana-e-levy-gasparian-mufyn\/\"  class=\"elementor-post__thumbnail__link\">\n                <div class=\"elementor-post__thumbnail\">\n                                            <img decoding=\"async\" src=\"https:\/\/avilaspaces.com\/wp-content\/uploads\/2025\/09\/episode2_cover.webp\" alt=\"Tatiana e Levy Gasparian &#8211; Mufyn\">\n                                    <\/div>\n            <\/a>\n        \n            <div class=\"elementor-post__text\">\n                \n                <div class=\"elementor-post__meta-data\">\n                    <p>Episode 2<\/p>\n                <\/div>\n                       \n\t\t\t\t\t\t\t\t\t\t\t<h4 class=\"elementor-post__title\">\n\t\t\t<a href=\"https:\/\/avilaspaces.com\/pt\/avila-stories\/tatiana-e-levy-gasparian-mufyn\/\" >\n\t\t\t\tTatiana e Levy Gasparian &#8211; Mufyn\t\t\t<\/a>\n\t\t<\/h4>\n\t\t\t\t\t\t                                                \n                \t\t<div class=\"elementor-post__excerpt\">\n\t\t\t<p>When music and work live in the same universe and carry us to the best we can be. Levy and Tatiana show us how.<\/p>\n\t\t<\/div>\n\t\t\t\t\t\t\n\t\t\t\t\n\t\t<a class=\"elementor-post__read-more\" href=\"https:\/\/avilaspaces.com\/pt\/avila-stories\/tatiana-e-levy-gasparian-mufyn\/\" aria-label=\"Read more about Tatiana e Levy Gasparian &#8211; Mufyn\" tabindex=\"-1\" >\n\t\t\tAssista ao epis\u00f3dio\t\t<\/a>\n\n\t\t                \n                    \n            <\/div>\n        \n        <\/article>\n        \t\t<\/div>\n\t\t\n\t\t\t\t\t\t<\/div>\n\t\t\t\t<\/div>\n\t\t\t\t<\/div>\n\t\t\t\t\t<\/div>\n\t\t\t\t<\/div>\n\t\t\t\t<\/div>\n\t\t","protected":false},"excerpt":{"rendered":"<p>AVILA STORIES: TODAS AS HIST\u00d3RIAS NOS LEVAM A ALGUM LUGAR&#8230; Muitas vezes, esse lugar \u00e9 apenas um espa\u00e7o dentro de n\u00f3s mesmos que ainda est\u00e1 por ser descoberto. Outras vezes, esse lugar \u00e9 um espa\u00e7o dentro de outra pessoa, para onde podemos viajar de vez em quando. H\u00e1 hist\u00f3rias que s\u00e3o momentos e h\u00e1 hist\u00f3rias [&hellip;]<\/p>\n","protected":false},"author":1,"featured_media":0,"parent":0,"menu_order":0,"comment_status":"closed","ping_status":"closed","template":"elementor_header_footer","meta":{"_acf_changed":false,"inline_featured_image":false,"footnotes":""},"class_list":["post-4831","page","type-page","status-publish","hentry"],"acf":[],"_links":{"self":[{"href":"https:\/\/avilaspaces.com\/pt\/wp-json\/wp\/v2\/pages\/4831","targetHints":{"allow":["GET"]}}],"collection":[{"href":"https:\/\/avilaspaces.com\/pt\/wp-json\/wp\/v2\/pages"}],"about":[{"href":"https:\/\/avilaspaces.com\/pt\/wp-json\/wp\/v2\/types\/page"}],"author":[{"embeddable":true,"href":"https:\/\/avilaspaces.com\/pt\/wp-json\/wp\/v2\/users\/1"}],"replies":[{"embeddable":true,"href":"https:\/\/avilaspaces.com\/pt\/wp-json\/wp\/v2\/comments?post=4831"}],"version-history":[{"count":10,"href":"https:\/\/avilaspaces.com\/pt\/wp-json\/wp\/v2\/pages\/4831\/revisions"}],"predecessor-version":[{"id":10058,"href":"https:\/\/avilaspaces.com\/pt\/wp-json\/wp\/v2\/pages\/4831\/revisions\/10058"}],"wp:attachment":[{"href":"https:\/\/avilaspaces.com\/pt\/wp-json\/wp\/v2\/media?parent=4831"}],"curies":[{"name":"wp","href":"https:\/\/api.w.org\/{rel}","templated":true}]}}