{"id":5672,"date":"2026-02-03T14:12:55","date_gmt":"2026-02-03T14:12:55","guid":{"rendered":"https:\/\/avilaspaces.com\/terms-and-conditions\/"},"modified":"2026-02-04T12:50:30","modified_gmt":"2026-02-04T12:50:30","slug":"termos-e-condicoes","status":"publish","type":"page","link":"https:\/\/avilaspaces.com\/pt\/termos-e-condicoes\/","title":{"rendered":"Terms and Conditions"},"content":{"rendered":"\t\t<div data-elementor-type=\"wp-page\" data-elementor-id=\"5672\" class=\"elementor elementor-5672 elementor-5414\" data-elementor-post-type=\"page\">\n\t\t\t\t<div class=\"elementor-element elementor-element-fe9df32 term-page e-flex e-con-boxed e-con e-parent\" data-id=\"fe9df32\" data-element_type=\"container\" data-e-type=\"container\">\n\t\t\t\t\t<div class=\"e-con-inner\">\n\t\t<div class=\"elementor-element elementor-element-3a75e21 e-con-full e-flex e-con e-child\" data-id=\"3a75e21\" data-element_type=\"container\" data-e-type=\"container\">\n\t\t\t\t<div class=\"elementor-element elementor-element-7a6dd77 elementor-widget__width-inherit elementor-widget elementor-widget-heading\" data-id=\"7a6dd77\" data-element_type=\"widget\" data-e-type=\"widget\" data-widget_type=\"heading.default\">\n\t\t\t\t\t<h1 class=\"elementor-heading-title elementor-size-default\">Termos e condi\u00e7\u00f5es gerais e termos e condi\u00e7\u00f5es de pagamento<\/h1>\t\t\t\t<\/div>\n\t\t\t\t<div class=\"elementor-element elementor-element-a186639 elementor-widget elementor-widget-heading\" data-id=\"a186639\" data-element_type=\"widget\" data-e-type=\"widget\" data-widget_type=\"heading.default\">\n\t\t\t\t\t<h3 class=\"elementor-heading-title elementor-size-default\">TERMOS E CONDI\u00c7\u00d5ES GERAIS\n<\/h3>\t\t\t\t<\/div>\n\t\t\t\t<div class=\"elementor-element elementor-element-c648f54 elementor-widget__width-inherit elementor-widget elementor-widget-text-editor\" data-id=\"c648f54\" data-element_type=\"widget\" data-e-type=\"widget\" data-widget_type=\"text-editor.default\">\n\t\t\t\t\t\t\t\t\t<p>Esta declara\u00e7\u00e3o de garantia de privacidade de dados aplica-se espec\u00edfica e exclusivamente aos servi\u00e7os do AVILA SPACES.<\/p><p>A Internet \u00e9 uma ferramenta de comunica\u00e7\u00e3o extraordin\u00e1ria. Dia ap\u00f3s dia, apercebemo-nos da sua crescente import\u00e2ncia nas nossas vidas, pois um simples clique do rato do nosso computador traz o mundo aos nossos p\u00e9s. As pessoas tornam-se mais pr\u00f3ximas, as experi\u00eancias s\u00e3o partilhadas com maior rapidez. A evolu\u00e7\u00e3o da sociedade \u00e9, atualmente, galopante.<\/p><p>Por todas estas raz\u00f5es, e para que todos confiem cada vez mais neste meio de comunica\u00e7\u00e3o, \u00e9 importante para o AVILA SPACES que todos os utilizadores dos seus servi\u00e7os e visitantes das suas p\u00e1ginas tenham a confidencialidade dos seus dados garantida.<\/p><p>Quando solicitamos o seu nome, morada, n\u00famero de telefone, habilita\u00e7\u00f5es acad\u00e9micas, entre outros, o nosso objetivo \u00e9 manter uma rela\u00e7\u00e3o mais pr\u00f3xima com os nossos utilizadores. Com o seu registo, passamos a trat\u00e1-lo pelo seu primeiro nome, tornamo-nos mais pr\u00f3ximos de si e podemos responder \u00e0s suas necessidades ou pedidos de forma mais eficaz.<\/p><p>Se, por qualquer raz\u00e3o, o AVILA SPACES sentir necessidade de atualizar a pol\u00edtica de privacidade, ser\u00e1 o primeiro a ser informado.<\/p><p>O AVILA SPACES garante que estas informa\u00e7\u00f5es N\u00c3O ser\u00e3o utilizadas em qualquer lista para fins promocionais via e-mail ou telefone, nem ser\u00e3o divulgadas a qualquer outra organiza\u00e7\u00e3o ou empresa. O AVILA SPACES compromete-se a proteger a sua privacidade e enviar\u00e1 todos os esfor\u00e7os para assegurar a utiliza\u00e7\u00e3o de tecnologia suficientemente eficiente, de modo a que a sua experi\u00eancia online se torne mais segura dia ap\u00f3s dia e as suas rela\u00e7\u00f5es na Web sejam cada vez mais consolidadas.<\/p><p>Relativamente a quaisquer quest\u00f5es que possa ter sobre este compromisso, n\u00e3o hesite em contactar-nos.<\/p>\t\t\t\t\t\t\t\t<\/div>\n\t\t\t\t<div class=\"elementor-element elementor-element-53b1f6f elementor-widget elementor-widget-heading\" data-id=\"53b1f6f\" data-element_type=\"widget\" data-e-type=\"widget\" data-widget_type=\"heading.default\">\n\t\t\t\t\t<h3 class=\"elementor-heading-title elementor-size-default\">CONDI\u00c7\u00d5ES DE PAGAMENTO<\/h3>\t\t\t\t<\/div>\n\t\t\t\t<div class=\"elementor-element elementor-element-c890bb1 elementor-widget__width-inherit elementor-widget elementor-widget-heading\" data-id=\"c890bb1\" data-element_type=\"widget\" data-e-type=\"widget\" data-widget_type=\"heading.default\">\n\t\t\t\t\t<h3 class=\"elementor-heading-title elementor-size-default\">PRE\u00c2MBULO<\/h3>\t\t\t\t<\/div>\n\t\t\t\t<div class=\"elementor-element elementor-element-50ac505 elementor-widget__width-inherit elementor-widget elementor-widget-text-editor\" data-id=\"50ac505\" data-element_type=\"widget\" data-e-type=\"widget\" data-widget_type=\"text-editor.default\">\n\t\t\t\t\t\t\t\t\t<ol><li>\u00a0As presentes condi\u00e7\u00f5es gerais de venda s\u00e3o acordadas entre a MYOFFICE \u2013 Consultoria em Projectos, Unipessoal, Lda, com sede na Avenida da Rep\u00fablica n.\u00ba 6, 7\u00ba Esq., 1050-191 Lisboa, n\u00famero de identifica\u00e7\u00e3o fiscal 507032268 e contacto +351 213 303 723, doravante designado por &#8220;Avila Spaces&#8221;, e as pessoas que pretendam efetuar compras atrav\u00e9s do website <a href=\"http:\/\/www.avilaspaces.com\">www.avilaspaces.com<\/a>, doravante designadas por &#8220;Cliente&#8221;.<\/li><li>As partes acordam que as compras efetuadas atrav\u00e9s do website <a href=\"http:\/\/www.avilaspaces.com\">www.avilaspaces.com<\/a> ser\u00e3o regidas exclusivamente pelo presente contrato, excluindo quaisquer condi\u00e7\u00f5es previamente disponibilizadas no website.<\/li><\/ol>\t\t\t\t\t\t\t\t<\/div>\n\t\t\t\t<div class=\"elementor-element elementor-element-d5af789 elementor-widget__width-inherit elementor-widget elementor-widget-heading\" data-id=\"d5af789\" data-element_type=\"widget\" data-e-type=\"widget\" data-widget_type=\"heading.default\">\n\t\t\t\t\t<h3 class=\"elementor-heading-title elementor-size-default\">ARTIGO 1 \u2013 OBJETO<\/h3>\t\t\t\t<\/div>\n\t\t\t\t<div class=\"elementor-element elementor-element-c15d460 elementor-widget__width-inherit elementor-widget elementor-widget-text-editor\" data-id=\"c15d460\" data-element_type=\"widget\" data-e-type=\"widget\" data-widget_type=\"text-editor.default\">\n\t\t\t\t\t\t\t\t\t<ol><li>As presentes condi\u00e7\u00f5es gerais de venda t\u00eam por objeto fornecer e definir toda a informa\u00e7\u00e3o necess\u00e1ria ao Cliente relativamente \u00e0s modalidades de encomenda, venda, pagamento e presta\u00e7\u00e3o do servi\u00e7o, realizadas no Avila Spaces.<\/li><li>Estas condi\u00e7\u00f5es regulam todas as etapas necess\u00e1rias \u00e0 realiza\u00e7\u00e3o da compra e asseguram o acompanhamento desta presta\u00e7\u00e3o de servi\u00e7o ao Cliente.<\/li><\/ol>\t\t\t\t\t\t\t\t<\/div>\n\t\t\t\t<div class=\"elementor-element elementor-element-b6cf6e9 elementor-widget__width-inherit elementor-widget elementor-widget-heading\" data-id=\"b6cf6e9\" data-element_type=\"widget\" data-e-type=\"widget\" data-widget_type=\"heading.default\">\n\t\t\t\t\t<h3 class=\"elementor-heading-title elementor-size-default\">ARTIGO 2 \u2013 ENCOMENDA<\/h3>\t\t\t\t<\/div>\n\t\t\t\t<div class=\"elementor-element elementor-element-f768d00 elementor-widget__width-inherit elementor-widget elementor-widget-text-editor\" data-id=\"f768d00\" data-element_type=\"widget\" data-e-type=\"widget\" data-widget_type=\"text-editor.default\">\n\t\t\t\t\t\t\t\t\t<ol start=\"1\"><li>O Cliente finaliza a sua encomenda completando o processo de compra apresentado no website <a href=\"http:\/\/www.avilaspaces.com\">www.avilaspaces.com<\/a>, adicionando ao carrinho de compras o(s) produto(s) ou servi\u00e7o(s) que deseja encomendar.<\/li><li>Para confirmar a sua encomenda, o Cliente deve: a) Registar-se no website <a href=\"http:\/\/www.avilaspaces.com\">www.avilaspaces.com<\/a>, fornecendo para esse efeito as informa\u00e7\u00f5es a\u00ed solicitadas. b) Preencher a informa\u00e7\u00e3o e escolher as op\u00e7\u00f5es disponibilizadas ao longo do processo de finaliza\u00e7\u00e3o da encomenda (morada de entrega e fatura\u00e7\u00e3o, m\u00e9todo de envio, forma de pagamento, bem como o NIF e o nome que, para efeitos fiscais, pretende que constem na fatura).<\/li><li>A confirma\u00e7\u00e3o final da encomenda por parte do Cliente equivale \u00e0 aceita\u00e7\u00e3o plena e integral dos pre\u00e7os e descri\u00e7\u00e3o dos produtos\/servi\u00e7os dispon\u00edveis para venda, bem como destas Condi\u00e7\u00f5es Gerais de Venda, que ser\u00e3o as \u00fanicas aplic\u00e1veis ao contrato assim celebrado.<\/li><li>O Avila Spaces honrar\u00e1 as encomendas recebidas online. Em caso de indisponibilidade da presta\u00e7\u00e3o do servi\u00e7o, o Avila Spaces compromete-se a informar o Cliente com a maior brevidade poss\u00edvel.<\/li><li>Os dados constantes da fatura s\u00e3o da exclusiva responsabilidade do Cliente. Ap\u00f3s a sua emiss\u00e3o, a fatura n\u00e3o poder\u00e1 ser reemitida com altera\u00e7\u00f5es.<\/li><li>Caso o pagamento da fatura n\u00e3o seja rececionado pelos servi\u00e7os no prazo indicado, a encomenda n\u00e3o ser\u00e1 garantida.<\/li><\/ol>\t\t\t\t\t\t\t\t<\/div>\n\t\t\t\t<div class=\"elementor-element elementor-element-471631d elementor-widget__width-inherit elementor-widget elementor-widget-heading\" data-id=\"471631d\" data-element_type=\"widget\" data-e-type=\"widget\" data-widget_type=\"heading.default\">\n\t\t\t\t\t<h3 class=\"elementor-heading-title elementor-size-default\">ARTIGO 3 \u2013 PAGAMENTO<\/h3>\t\t\t\t<\/div>\n\t\t\t\t<div class=\"elementor-element elementor-element-04a0b81 elementor-widget__width-inherit elementor-widget elementor-widget-text-editor\" data-id=\"04a0b81\" data-element_type=\"widget\" data-e-type=\"widget\" data-widget_type=\"text-editor.default\">\n\t\t\t\t\t\t\t\t\t<ol start=\"1\"><li>No website <a href=\"http:\/\/www.avilaspaces.com\">www.avilaspaces.com<\/a>, o Avila Spaces disponibiliza ao Cliente os seguintes m\u00e9todos de pagamento atrav\u00e9s da Easypay &#8211; Institui\u00e7\u00e3o de Pagamento Lda: a) Cart\u00e3o de cr\u00e9dito (Visa, Mastercard); b) Refer\u00eancia Multibanco; c) Transfer\u00eancia Banc\u00e1ria;COLOCA\u00c7\u00c3O DO LOG\u00d3TIPO DA EASYPAY E LOG\u00d3TIPOS DAS MARCAS<\/li><li>No caso de pagamento por cart\u00e3o de cr\u00e9dito, o d\u00e9bito ser\u00e1 efetuado no cart\u00e3o do Cliente imediatamente ap\u00f3s a confirma\u00e7\u00e3o da possibilidade de prestar o servi\u00e7o. Se algum dos servi\u00e7os encomendados n\u00e3o puder ser prestado, o seu valor ser\u00e1 creditado no cart\u00e3o do Cliente ap\u00f3s o encerramento da encomenda.<\/li><\/ol>\t\t\t\t\t\t\t\t<\/div>\n\t\t\t\t<div class=\"elementor-element elementor-element-54e4eea elementor-widget__width-inherit elementor-widget elementor-widget-heading\" data-id=\"54e4eea\" data-element_type=\"widget\" data-e-type=\"widget\" data-widget_type=\"heading.default\">\n\t\t\t\t\t<h3 class=\"elementor-heading-title elementor-size-default\">ARTIGO 4 \u2013 FORNECIMENTO E CONSUMO<\/h3>\t\t\t\t<\/div>\n\t\t\t\t<div class=\"elementor-element elementor-element-5bbc104 elementor-widget__width-inherit elementor-widget elementor-widget-text-editor\" data-id=\"5bbc104\" data-element_type=\"widget\" data-e-type=\"widget\" data-widget_type=\"text-editor.default\">\n\t\t\t\t\t\t\t\t\t<ol start=\"1\"><li>A presta\u00e7\u00e3o do servi\u00e7o ocorrer\u00e1 ap\u00f3s a confirma\u00e7\u00e3o do pagamento efetuado.<\/li><\/ol>\t\t\t\t\t\t\t\t<\/div>\n\t\t\t\t<div class=\"elementor-element elementor-element-8119077 elementor-widget__width-inherit elementor-widget elementor-widget-heading\" data-id=\"8119077\" data-element_type=\"widget\" data-e-type=\"widget\" data-widget_type=\"heading.default\">\n\t\t\t\t\t<h3 class=\"elementor-heading-title elementor-size-default\">ARTIGO 5 \u2013 PRE\u00c7OS\n<\/h3>\t\t\t\t<\/div>\n\t\t\t\t<div class=\"elementor-element elementor-element-c5b323f elementor-widget__width-inherit elementor-widget elementor-widget-text-editor\" data-id=\"c5b323f\" data-element_type=\"widget\" data-e-type=\"widget\" data-widget_type=\"text-editor.default\">\n\t\t\t\t\t\t\t\t\t<ol start=\"1\"><li>Os pre\u00e7os devem ser entendidos em Euros, com todos os impostos e taxas inclu\u00eddos, tendo em conta o IVA em vigor na data do pagamento da encomenda.<\/li><li>Em caso de aumento de pre\u00e7o de qualquer servi\u00e7o, o Cliente ser\u00e1 informado de imediato, podendo optar por prosseguir com a sua encomenda (pagando a diferen\u00e7a) ou proceder ao seu cancelamento.<\/li><\/ol>\t\t\t\t\t\t\t\t<\/div>\n\t\t\t\t<div class=\"elementor-element elementor-element-0054b11 elementor-widget__width-inherit elementor-widget elementor-widget-heading\" data-id=\"0054b11\" data-element_type=\"widget\" data-e-type=\"widget\" data-widget_type=\"heading.default\">\n\t\t\t\t\t<h3 class=\"elementor-heading-title elementor-size-default\">ARTIGO 6 \u2013 CANCELAMENTO E DEVOLU\u00c7\u00c3O<\/h3>\t\t\t\t<\/div>\n\t\t\t\t<div class=\"elementor-element elementor-element-66fa57e elementor-widget__width-inherit elementor-widget elementor-widget-text-editor\" data-id=\"66fa57e\" data-element_type=\"widget\" data-e-type=\"widget\" data-widget_type=\"text-editor.default\">\n\t\t\t\t\t\t\t\t\t<ol start=\"1\"><li>After subscribing to the service, Avila Spaces does not accept cancellations or returns.<\/li><\/ol>\t\t\t\t\t\t\t\t<\/div>\n\t\t\t\t<div class=\"elementor-element elementor-element-4306a4a elementor-widget__width-inherit elementor-widget elementor-widget-heading\" data-id=\"4306a4a\" data-element_type=\"widget\" data-e-type=\"widget\" data-widget_type=\"heading.default\">\n\t\t\t\t\t<h3 class=\"elementor-heading-title elementor-size-default\">ARTIGO 7 \u2013 POL\u00cdTICA DE PRIVACIDADE<\/h3>\t\t\t\t<\/div>\n\t\t\t\t<div class=\"elementor-element elementor-element-a7e3c9f elementor-widget__width-inherit elementor-widget elementor-widget-text-editor\" data-id=\"a7e3c9f\" data-element_type=\"widget\" data-e-type=\"widget\" data-widget_type=\"text-editor.default\">\n\t\t\t\t\t\t\t\t\t<ol><li>O tratamento dos seus dados \u00e9 efetuado em cumprimento da legisla\u00e7\u00e3o relativa \u00e0 prote\u00e7\u00e3o de dados pessoais. Estes dados, objeto de tratamento inform\u00e1tico, ser\u00e3o inclu\u00eddos na(s) base(s) de dados do Avila Spaces e destinam-se ao registo e apresenta\u00e7\u00e3o de outros produtos e servi\u00e7os, bem como de informa\u00e7\u00e3o institucional, a disponibilizar pelo mesmo.<\/li><li>A sua disponibiliza\u00e7\u00e3o \u00e9 facultativa e, nos termos da lei, \u00e9 garantido o direito de acesso, retifica\u00e7\u00e3o e cancelamento de quaisquer dados que lhe digam diretamente respeito, seja pessoalmente ou por escrito, diretamente para a morada indicada na p\u00e1gina inicial deste website.<\/li><\/ol>\t\t\t\t\t\t\t\t<\/div>\n\t\t\t\t<\/div>\n\t\t\t\t\t<\/div>\n\t\t\t\t<\/div>\n\t\t\t\t<\/div>\n\t\t","protected":false},"excerpt":{"rendered":"<p>Termos e condi\u00e7\u00f5es gerais e termos e condi\u00e7\u00f5es de pagamento TERMOS E CONDI\u00c7\u00d5ES GERAIS Esta declara\u00e7\u00e3o de garantia de privacidade de dados aplica-se espec\u00edfica e exclusivamente aos servi\u00e7os do AVILA SPACES. A Internet \u00e9 uma ferramenta de comunica\u00e7\u00e3o extraordin\u00e1ria. Dia ap\u00f3s dia, apercebemo-nos da sua crescente import\u00e2ncia nas nossas vidas, pois um simples clique do [&hellip;]<\/p>\n","protected":false},"author":1,"featured_media":0,"parent":0,"menu_order":0,"comment_status":"closed","ping_status":"closed","template":"elementor_header_footer","meta":{"_acf_changed":false,"inline_featured_image":false,"footnotes":""},"class_list":["post-5672","page","type-page","status-publish","hentry"],"acf":[],"_links":{"self":[{"href":"https:\/\/avilaspaces.com\/pt\/wp-json\/wp\/v2\/pages\/5672","targetHints":{"allow":["GET"]}}],"collection":[{"href":"https:\/\/avilaspaces.com\/pt\/wp-json\/wp\/v2\/pages"}],"about":[{"href":"https:\/\/avilaspaces.com\/pt\/wp-json\/wp\/v2\/types\/page"}],"author":[{"embeddable":true,"href":"https:\/\/avilaspaces.com\/pt\/wp-json\/wp\/v2\/users\/1"}],"replies":[{"embeddable":true,"href":"https:\/\/avilaspaces.com\/pt\/wp-json\/wp\/v2\/comments?post=5672"}],"version-history":[{"count":4,"href":"https:\/\/avilaspaces.com\/pt\/wp-json\/wp\/v2\/pages\/5672\/revisions"}],"predecessor-version":[{"id":5677,"href":"https:\/\/avilaspaces.com\/pt\/wp-json\/wp\/v2\/pages\/5672\/revisions\/5677"}],"wp:attachment":[{"href":"https:\/\/avilaspaces.com\/pt\/wp-json\/wp\/v2\/media?parent=5672"}],"curies":[{"name":"wp","href":"https:\/\/api.w.org\/{rel}","templated":true}]}}