{"id":5903,"date":"2026-02-06T14:39:23","date_gmt":"2026-02-06T14:39:23","guid":{"rendered":"https:\/\/avilaspaces.com\/?page_id=5903"},"modified":"2026-02-13T15:22:05","modified_gmt":"2026-02-13T15:22:05","slug":"junte-se-a-nos","status":"publish","type":"page","link":"https:\/\/avilaspaces.com\/pt\/junte-se-a-nos\/","title":{"rendered":"Junte-se a n\u00f3s"},"content":{"rendered":"\t\t<div data-elementor-type=\"wp-page\" data-elementor-id=\"5903\" class=\"elementor elementor-5903 elementor-5902\" data-elementor-post-type=\"page\">\n\t\t\t\t<div class=\"elementor-element elementor-element-d64e57a e-flex e-con-boxed e-con e-parent\" data-id=\"d64e57a\" data-element_type=\"container\" data-e-type=\"container\" data-settings=\"{&quot;background_background&quot;:&quot;classic&quot;}\">\n\t\t\t\t\t<div class=\"e-con-inner\">\n\t\t<div class=\"elementor-element elementor-element-270d088 e-con-full e-flex e-con e-child\" data-id=\"270d088\" data-element_type=\"container\" data-e-type=\"container\">\n\t\t\t\t<div class=\"elementor-element elementor-element-79c4dd5 elementor-widget elementor-widget-heading\" data-id=\"79c4dd5\" data-element_type=\"widget\" data-e-type=\"widget\" data-widget_type=\"heading.default\">\n\t\t\t\t\t<h1 class=\"elementor-heading-title elementor-size-default\">Junte-se a n\u00f3s<\/h1>\t\t\t\t<\/div>\n\t\t\t\t<\/div>\n\t\t\t\t\t<\/div>\n\t\t\t\t<\/div>\n\t\t<div class=\"elementor-element elementor-element-f097289 e-flex e-con-boxed e-con e-parent\" data-id=\"f097289\" data-element_type=\"container\" data-e-type=\"container\">\n\t\t\t\t\t<div class=\"e-con-inner\">\n\t\t\t\t<div class=\"elementor-element elementor-element-77f82e0 elementor-widget elementor-widget-heading\" data-id=\"77f82e0\" data-element_type=\"widget\" data-e-type=\"widget\" data-widget_type=\"heading.default\">\n\t\t\t\t\t<h6 class=\"elementor-heading-title elementor-size-default\">Uma oportunidade de carreira. Vem fazer hist\u00f3ria connosco!<\/h6>\t\t\t\t<\/div>\n\t\t\t\t<div class=\"elementor-element elementor-element-8ca00d2 elementor-widget elementor-widget-text-editor\" data-id=\"8ca00d2\" data-element_type=\"widget\" data-e-type=\"widget\" data-widget_type=\"text-editor.default\">\n\t\t\t\t\t\t\t\t\t<p>Somos l\u00edderes de inova\u00e7\u00e3o no mercado e\u00a0em 2023 fomos considerados o melhor Cowork do Mundo nos Global Startup Awards!\u00a0Estamos presentes na vida de milhares de empresas nacionais e internacionais que t\u00eam reconhecido a excel\u00eancia do nosso servi\u00e7o nos \u00faltimos 20 anos.<\/p><p>Para mudar a vida dos nossos clientes, devemos come\u00e7ar por melhorar a vida dos nossos colaboradores. \u00c9 esta a nossa miss\u00e3o e o prop\u00f3sito do nosso projeto humano: contribuir para a felicidade dos profissionais, oferendo o melhor ambiente de trabalho para que possam crescer e sentirem-se realizados. Todos os dias.<\/p><p><strong>Contamos contigo? Candidata-te j\u00e1!<\/strong><\/p>\t\t\t\t\t\t\t\t<\/div>\n\t\t\t\t\t<\/div>\n\t\t\t\t<\/div>\n\t\t<div class=\"elementor-element elementor-element-b587fb2 e-flex e-con-boxed e-con e-parent\" data-id=\"b587fb2\" data-element_type=\"container\" data-e-type=\"container\" data-settings=\"{&quot;background_background&quot;:&quot;classic&quot;}\">\n\t\t\t\t\t<div class=\"e-con-inner\">\n\t\t<div class=\"elementor-element elementor-element-7b5f4ea e-con-full e-flex e-con e-child\" data-id=\"7b5f4ea\" data-element_type=\"container\" data-e-type=\"container\" data-settings=\"{&quot;background_background&quot;:&quot;classic&quot;}\">\n\t\t\t\t<div class=\"elementor-element elementor-element-6fa0a9a img-height-ajust  elementor-widget elementor-widget-image\" data-id=\"6fa0a9a\" data-element_type=\"widget\" data-e-type=\"widget\" data-widget_type=\"image.default\">\n\t\t\t\t\t\t\t\t\t\t\t\t\t\t\t<img fetchpriority=\"high\" decoding=\"async\" width=\"800\" height=\"570\" src=\"https:\/\/avilaspaces.com\/wp-content\/uploads\/2026\/01\/01.2-Cowork-Parque-das-Nacoes.webp\" class=\"attachment-large size-large wp-image-5307\" alt=\"Cowork\" srcset=\"https:\/\/avilaspaces.com\/wp-content\/uploads\/2026\/01\/01.2-Cowork-Parque-das-Nacoes.webp 880w, https:\/\/avilaspaces.com\/wp-content\/uploads\/2026\/01\/01.2-Cowork-Parque-das-Nacoes-300x214.webp 300w, https:\/\/avilaspaces.com\/wp-content\/uploads\/2026\/01\/01.2-Cowork-Parque-das-Nacoes-768x547.webp 768w\" sizes=\"(max-width: 800px) 100vw, 800px\" \/>\t\t\t\t\t\t\t\t\t\t\t\t\t\t\t<\/div>\n\t\t\t\t<\/div>\n\t\t<div class=\"elementor-element elementor-element-330371f e-con-full e-flex e-con e-child\" data-id=\"330371f\" data-element_type=\"container\" data-e-type=\"container\">\n\t\t\t\t<div class=\"elementor-element elementor-element-d140430 elementor-widget elementor-widget-heading\" data-id=\"d140430\" data-element_type=\"widget\" data-e-type=\"widget\" data-widget_type=\"heading.default\">\n\t\t\t\t\t<h2 class=\"elementor-heading-title elementor-size-default\">Community Manager\n<\/h2>\t\t\t\t<\/div>\n\t\t\t\t<div class=\"elementor-element elementor-element-f607b62 elementor-widget elementor-widget-text-editor\" data-id=\"f607b62\" data-element_type=\"widget\" data-e-type=\"widget\" data-widget_type=\"text-editor.default\">\n\t\t\t\t\t\t\t\t\t<p>Acolhimento de novos clientes, coordena\u00e7\u00e3o, dinamiza\u00e7\u00e3o e acompanhamento de eventos de networking. Gest\u00e3o de Rede Social Interna (Avila Connect) com vista promover o contacto entre clientes e a promo\u00e7\u00e3o de eventos. Gest\u00e3o de conte\u00fados nas Redes Sociais (Facebook, Linkedin, Instagram e Youtube) e apoio na elabora\u00e7\u00e3o e acompanhamento de propostas comerciais, assim como em visitas de potenciais clientes.<\/p>\t\t\t\t\t\t\t\t<\/div>\n\t\t\t\t<div class=\"elementor-element elementor-element-49df2d2 elementor-widget elementor-widget-button\" data-id=\"49df2d2\" data-element_type=\"widget\" data-e-type=\"widget\" data-widget_type=\"button.default\">\n\t\t\t\t\t\t\t\t\t\t<a class=\"elementor-button elementor-button-link elementor-size-sm\" href=\"https:\/\/forms.gle\/rREFZehw1PaDtVUi6\" target=\"_blank\" rel=\"noopener\">\n\t\t\t\t\t\t<span class=\"elementor-button-content-wrapper\">\n\t\t\t\t\t\t\t\t\t<span class=\"elementor-button-text\">Candidatar<\/span>\n\t\t\t\t\t<\/span>\n\t\t\t\t\t<\/a>\n\t\t\t\t\t\t\t\t<\/div>\n\t\t\t\t<\/div>\n\t\t\t\t\t<\/div>\n\t\t\t\t<\/div>\n\t\t<div class=\"elementor-element elementor-element-484c915 e-flex e-con-boxed e-con e-parent\" data-id=\"484c915\" data-element_type=\"container\" data-e-type=\"container\" data-settings=\"{&quot;background_background&quot;:&quot;classic&quot;}\">\n\t\t\t\t\t<div class=\"e-con-inner\">\n\t\t<div class=\"elementor-element elementor-element-a7309c5 e-con-full e-flex e-con e-child\" data-id=\"a7309c5\" data-element_type=\"container\" data-e-type=\"container\">\n\t\t\t\t<div class=\"elementor-element elementor-element-f03340e elementor-widget elementor-widget-heading\" data-id=\"f03340e\" data-element_type=\"widget\" data-e-type=\"widget\" data-widget_type=\"heading.default\">\n\t\t\t\t\t<h2 class=\"elementor-heading-title elementor-size-default\">Customer Care - Servi\u00e7o Recep\u00e7\u00e3o<\/h2>\t\t\t\t<\/div>\n\t\t\t\t<div class=\"elementor-element elementor-element-cad662f elementor-widget elementor-widget-text-editor\" data-id=\"cad662f\" data-element_type=\"widget\" data-e-type=\"widget\" data-widget_type=\"text-editor.default\">\n\t\t\t\t\t\t\t\t\t<p>Recep\u00e7\u00e3o de clientes, visitantes e supervis\u00e3o geral do espa\u00e7o. Atendimento telef\u00f3nico, gest\u00e3o de correspond\u00eancia e apoio em diferentes tarefas administrativas e log\u00edsticas. Envolvimento nos projectos de inova\u00e7\u00e3o da empresa, com vista \u00e0 melhoria cont\u00ednua do servi\u00e7o a prestar ao cliente.<\/p>\t\t\t\t\t\t\t\t<\/div>\n\t\t\t\t<div class=\"elementor-element elementor-element-3947c33 elementor-widget elementor-widget-button\" data-id=\"3947c33\" data-element_type=\"widget\" data-e-type=\"widget\" data-widget_type=\"button.default\">\n\t\t\t\t\t\t\t\t\t\t<a class=\"elementor-button elementor-button-link elementor-size-sm\" href=\"https:\/\/forms.gle\/rREFZehw1PaDtVUi6\" target=\"_blank\" rel=\"noopener\">\n\t\t\t\t\t\t<span class=\"elementor-button-content-wrapper\">\n\t\t\t\t\t\t\t\t\t<span class=\"elementor-button-text\">Candidatar<\/span>\n\t\t\t\t\t<\/span>\n\t\t\t\t\t<\/a>\n\t\t\t\t\t\t\t\t<\/div>\n\t\t\t\t<\/div>\n\t\t<div class=\"elementor-element elementor-element-78db32b e-con-full e-flex e-con e-child\" data-id=\"78db32b\" data-element_type=\"container\" data-e-type=\"container\" data-settings=\"{&quot;background_background&quot;:&quot;classic&quot;}\">\n\t\t\t\t<div class=\"elementor-element elementor-element-30e173f img-height-ajust  elementor-widget elementor-widget-image\" data-id=\"30e173f\" data-element_type=\"widget\" data-e-type=\"widget\" data-widget_type=\"image.default\">\n\t\t\t\t\t\t\t\t\t\t\t\t\t\t\t<img decoding=\"async\" width=\"800\" height=\"570\" src=\"https:\/\/avilaspaces.com\/wp-content\/uploads\/2026\/01\/07.13-Phone-Booth.webp\" class=\"attachment-large size-large wp-image-5243\" alt=\"Phone Booth\" srcset=\"https:\/\/avilaspaces.com\/wp-content\/uploads\/2026\/01\/07.13-Phone-Booth.webp 880w, https:\/\/avilaspaces.com\/wp-content\/uploads\/2026\/01\/07.13-Phone-Booth-300x214.webp 300w, https:\/\/avilaspaces.com\/wp-content\/uploads\/2026\/01\/07.13-Phone-Booth-768x547.webp 768w\" sizes=\"(max-width: 800px) 100vw, 800px\" \/>\t\t\t\t\t\t\t\t\t\t\t\t\t\t\t<\/div>\n\t\t\t\t<\/div>\n\t\t\t\t\t<\/div>\n\t\t\t\t<\/div>\n\t\t<div class=\"elementor-element elementor-element-12aa051 e-flex e-con-boxed e-con e-parent\" data-id=\"12aa051\" data-element_type=\"container\" data-e-type=\"container\" data-settings=\"{&quot;background_background&quot;:&quot;classic&quot;}\">\n\t\t\t\t\t<div class=\"e-con-inner\">\n\t\t<div class=\"elementor-element elementor-element-652be6a e-con-full e-flex e-con e-child\" data-id=\"652be6a\" data-element_type=\"container\" data-e-type=\"container\" data-settings=\"{&quot;background_background&quot;:&quot;classic&quot;}\">\n\t\t\t\t<div class=\"elementor-element elementor-element-8325166 img-height-ajust  elementor-widget elementor-widget-image\" data-id=\"8325166\" data-element_type=\"widget\" data-e-type=\"widget\" data-widget_type=\"image.default\">\n\t\t\t\t\t\t\t\t\t\t\t\t\t\t\t<img decoding=\"async\" width=\"800\" height=\"570\" src=\"https:\/\/avilaspaces.com\/wp-content\/uploads\/2026\/01\/01.14-Phone-booths-Av.-da-Republica.webp\" class=\"attachment-large size-large wp-image-5236\" alt=\"Phone booths\" srcset=\"https:\/\/avilaspaces.com\/wp-content\/uploads\/2026\/01\/01.14-Phone-booths-Av.-da-Republica.webp 880w, https:\/\/avilaspaces.com\/wp-content\/uploads\/2026\/01\/01.14-Phone-booths-Av.-da-Republica-300x214.webp 300w, https:\/\/avilaspaces.com\/wp-content\/uploads\/2026\/01\/01.14-Phone-booths-Av.-da-Republica-768x547.webp 768w\" sizes=\"(max-width: 800px) 100vw, 800px\" \/>\t\t\t\t\t\t\t\t\t\t\t\t\t\t\t<\/div>\n\t\t\t\t<\/div>\n\t\t<div class=\"elementor-element elementor-element-8504415 e-con-full e-flex e-con e-child\" data-id=\"8504415\" data-element_type=\"container\" data-e-type=\"container\">\n\t\t\t\t<div class=\"elementor-element elementor-element-cc7fc69 elementor-widget elementor-widget-heading\" data-id=\"cc7fc69\" data-element_type=\"widget\" data-e-type=\"widget\" data-widget_type=\"heading.default\">\n\t\t\t\t\t<h2 class=\"elementor-heading-title elementor-size-default\">Sales Executive<\/h2>\t\t\t\t<\/div>\n\t\t\t\t<div class=\"elementor-element elementor-element-885d128 elementor-widget elementor-widget-text-editor\" data-id=\"885d128\" data-element_type=\"widget\" data-e-type=\"widget\" data-widget_type=\"text-editor.default\">\n\t\t\t\t\t\t\t\t\t<div class=\"htmleditor\">Coordena\u00e7\u00e3o da \u00e1rea de vendas da empresa e elabora\u00e7\u00e3o de Propostas Comerciais e negocia\u00e7\u00e3o junto de clientes e potenciais clientes. Coordena\u00e7\u00e3o de ac\u00e7\u00f5es de prospec\u00e7\u00e3o e implementa\u00e7\u00e3o dos Programas de vendas inerentes aos diversos servi\u00e7os da empresa, visando atingir os resultados previstos. Tarefas de \u00e2mbito administrativo inerentes \u00e0 gest\u00e3o do processo de vendas, bem como outras tarefas que impliquem o contacto directo com o cliente, tanto na vertente presencial ou telef\u00f3nica.<\/div>\t\t\t\t\t\t\t\t<\/div>\n\t\t\t\t<div class=\"elementor-element elementor-element-48a71ae elementor-widget elementor-widget-button\" data-id=\"48a71ae\" data-element_type=\"widget\" data-e-type=\"widget\" data-widget_type=\"button.default\">\n\t\t\t\t\t\t\t\t\t\t<a class=\"elementor-button elementor-button-link elementor-size-sm\" href=\"https:\/\/forms.gle\/rREFZehw1PaDtVUi6\" target=\"_blank\" rel=\"noopener\">\n\t\t\t\t\t\t<span class=\"elementor-button-content-wrapper\">\n\t\t\t\t\t\t\t\t\t<span class=\"elementor-button-text\">Candidatar<\/span>\n\t\t\t\t\t<\/span>\n\t\t\t\t\t<\/a>\n\t\t\t\t\t\t\t\t<\/div>\n\t\t\t\t<\/div>\n\t\t\t\t\t<\/div>\n\t\t\t\t<\/div>\n\t\t\t\t<\/div>\n\t\t","protected":false},"excerpt":{"rendered":"<p>Junte-se a n\u00f3s Uma oportunidade de carreira. Vem fazer hist\u00f3ria connosco! Somos l\u00edderes de inova\u00e7\u00e3o no mercado e\u00a0em 2023 fomos considerados o melhor Cowork do Mundo nos Global Startup Awards!\u00a0Estamos presentes na vida de milhares de empresas nacionais e internacionais que t\u00eam reconhecido a excel\u00eancia do nosso servi\u00e7o nos \u00faltimos 20 anos. Para mudar a [&hellip;]<\/p>\n","protected":false},"author":4,"featured_media":0,"parent":0,"menu_order":0,"comment_status":"closed","ping_status":"closed","template":"elementor_header_footer","meta":{"_acf_changed":false,"inline_featured_image":false,"footnotes":""},"class_list":["post-5903","page","type-page","status-publish","hentry"],"acf":[],"_links":{"self":[{"href":"https:\/\/avilaspaces.com\/pt\/wp-json\/wp\/v2\/pages\/5903","targetHints":{"allow":["GET"]}}],"collection":[{"href":"https:\/\/avilaspaces.com\/pt\/wp-json\/wp\/v2\/pages"}],"about":[{"href":"https:\/\/avilaspaces.com\/pt\/wp-json\/wp\/v2\/types\/page"}],"author":[{"embeddable":true,"href":"https:\/\/avilaspaces.com\/pt\/wp-json\/wp\/v2\/users\/4"}],"replies":[{"embeddable":true,"href":"https:\/\/avilaspaces.com\/pt\/wp-json\/wp\/v2\/comments?post=5903"}],"version-history":[{"count":17,"href":"https:\/\/avilaspaces.com\/pt\/wp-json\/wp\/v2\/pages\/5903\/revisions"}],"predecessor-version":[{"id":6684,"href":"https:\/\/avilaspaces.com\/pt\/wp-json\/wp\/v2\/pages\/5903\/revisions\/6684"}],"wp:attachment":[{"href":"https:\/\/avilaspaces.com\/pt\/wp-json\/wp\/v2\/media?parent=5903"}],"curies":[{"name":"wp","href":"https:\/\/api.w.org\/{rel}","templated":true}]}}